{"id":1034,"date":"2024-02-10T13:42:35","date_gmt":"2024-02-10T13:42:35","guid":{"rendered":"https:\/\/startersites.io\/elementor\/smile-dent\/?page_id=1034"},"modified":"2024-07-27T14:24:24","modified_gmt":"2024-07-27T14:24:24","slug":"qui-suis-je","status":"publish","type":"page","link":"https:\/\/focused-curran.51-75-127-101.plesk.page\/index.php\/qui-suis-je\/","title":{"rendered":"Qui suis-je"},"content":{"rendered":"\t\t<div data-elementor-type=\"wp-page\" data-elementor-id=\"1034\" class=\"elementor elementor-1034\">\n\t\t\t\t<div class=\"elementor-element elementor-element-21fc403 e-flex e-con-boxed e-con e-parent\" data-id=\"21fc403\" data-element_type=\"container\">\n\t\t\t\t\t<div class=\"e-con-inner\">\n\t\t<div class=\"elementor-element elementor-element-3b99d1b e-flex e-con-boxed e-con e-child\" data-id=\"3b99d1b\" data-element_type=\"container\" data-settings=\"{&quot;background_background&quot;:&quot;classic&quot;}\">\n\t\t\t\t\t<div class=\"e-con-inner\">\n\t\t<div class=\"elementor-element elementor-element-808fb92 e-con-full e-flex e-con e-child\" data-id=\"808fb92\" data-element_type=\"container\">\n\t\t\t\t<div class=\"elementor-element elementor-element-1b05e13 elementor-widget elementor-widget-shortcode\" data-id=\"1b05e13\" data-element_type=\"widget\" data-widget_type=\"shortcode.default\">\n\t\t\t\t<div class=\"elementor-widget-container\">\n\t\t\t\t\t<div class=\"elementor-shortcode\"><\/div>\n\t\t\t\t<\/div>\n\t\t\t\t<\/div>\n\t\t\t\t<div class=\"elementor-element elementor-element-69e14f5 elementor-widget elementor-widget-heading\" data-id=\"69e14f5\" data-element_type=\"widget\" data-widget_type=\"heading.default\">\n\t\t\t\t<div class=\"elementor-widget-container\">\n\t\t\t<style>\/*! elementor - v3.23.0 - 25-07-2024 *\/\n.elementor-heading-title{padding:0;margin:0;line-height:1}.elementor-widget-heading .elementor-heading-title[class*=elementor-size-]>a{color:inherit;font-size:inherit;line-height:inherit}.elementor-widget-heading .elementor-heading-title.elementor-size-small{font-size:15px}.elementor-widget-heading .elementor-heading-title.elementor-size-medium{font-size:19px}.elementor-widget-heading .elementor-heading-title.elementor-size-large{font-size:29px}.elementor-widget-heading .elementor-heading-title.elementor-size-xl{font-size:39px}.elementor-widget-heading .elementor-heading-title.elementor-size-xxl{font-size:59px}<\/style><h2 class=\"elementor-heading-title elementor-size-default\">S\u00e9bastien Mertes<\/h2>\t\t<\/div>\n\t\t\t\t<\/div>\n\t\t\t\t<div class=\"elementor-element elementor-element-7fca67a elementor-widget elementor-widget-text-editor\" data-id=\"7fca67a\" data-element_type=\"widget\" data-widget_type=\"text-editor.default\">\n\t\t\t\t<div class=\"elementor-widget-container\">\n\t\t\t<style>\/*! elementor - v3.23.0 - 25-07-2024 *\/\n.elementor-widget-text-editor.elementor-drop-cap-view-stacked .elementor-drop-cap{background-color:#69727d;color:#fff}.elementor-widget-text-editor.elementor-drop-cap-view-framed .elementor-drop-cap{color:#69727d;border:3px solid;background-color:transparent}.elementor-widget-text-editor:not(.elementor-drop-cap-view-default) .elementor-drop-cap{margin-top:8px}.elementor-widget-text-editor:not(.elementor-drop-cap-view-default) .elementor-drop-cap-letter{width:1em;height:1em}.elementor-widget-text-editor .elementor-drop-cap{float:left;text-align:center;line-height:1;font-size:50px}.elementor-widget-text-editor .elementor-drop-cap-letter{display:inline-block}<\/style>\t\t\t\t<p>Pr\u00e9sentation de S\u00e9bastien Mertes, votre Hypnoth\u00e9rapeute \u00e0 Metz<\/p>\t\t\t\t\t\t<\/div>\n\t\t\t\t<\/div>\n\t\t\t\t<div class=\"elementor-element elementor-element-6ea1013 elementor-widget elementor-widget-button\" data-id=\"6ea1013\" data-element_type=\"widget\" data-widget_type=\"button.default\">\n\t\t\t\t<div class=\"elementor-widget-container\">\n\t\t\t\t\t<div class=\"elementor-button-wrapper\">\n\t\t\t<a class=\"elementor-button elementor-button-link elementor-size-sm\" href=\"#\">\n\t\t\t\t\t\t<span class=\"elementor-button-content-wrapper\">\n\t\t\t\t\t\t<span class=\"elementor-button-icon\">\n\t\t\t\t<svg xmlns=\"http:\/\/www.w3.org\/2000\/svg\" viewBox=\"0 0 24 24\"><path fill-rule=\"evenodd\" d=\"M24 0v22.78h-2.87V4.9L2.03 24 0 21.97l19.1-19.1H1.26V0H24Z\"><\/path><\/svg>\t\t\t<\/span>\n\t\t\t\t\t\t\t\t\t<span class=\"elementor-button-text\">Rendez-vous<\/span>\n\t\t\t\t\t<\/span>\n\t\t\t\t\t<\/a>\n\t\t<\/div>\n\t\t\t\t<\/div>\n\t\t\t\t<\/div>\n\t\t\t\t<\/div>\n\t\t<div class=\"elementor-element elementor-element-ee88ee0 e-con-full e-flex e-con e-child\" data-id=\"ee88ee0\" data-element_type=\"container\">\n\t\t\t\t<div class=\"elementor-element elementor-element-dbe27c6 elementor-widget elementor-widget-image\" data-id=\"dbe27c6\" data-element_type=\"widget\" data-widget_type=\"image.default\">\n\t\t\t\t<div class=\"elementor-widget-container\">\n\t\t\t<style>\/*! elementor - v3.23.0 - 25-07-2024 *\/\n.elementor-widget-image{text-align:center}.elementor-widget-image a{display:inline-block}.elementor-widget-image a img[src$=\".svg\"]{width:48px}.elementor-widget-image img{vertical-align:middle;display:inline-block}<\/style>\t\t\t\t\t\t\t\t\t\t<img fetchpriority=\"high\" decoding=\"async\" width=\"840\" height=\"760\" src=\"https:\/\/focused-curran.51-75-127-101.plesk.page\/wp-content\/uploads\/2024\/02\/team-member-1.webp\" class=\"attachment-large size-large wp-image-288\" alt=\"\" srcset=\"https:\/\/focused-curran.51-75-127-101.plesk.page\/wp-content\/uploads\/2024\/02\/team-member-1.webp 840w, https:\/\/focused-curran.51-75-127-101.plesk.page\/wp-content\/uploads\/2024\/02\/team-member-1-300x271.webp 300w, https:\/\/focused-curran.51-75-127-101.plesk.page\/wp-content\/uploads\/2024\/02\/team-member-1-768x695.webp 768w\" sizes=\"(max-width: 840px) 100vw, 840px\" \/>\t\t\t\t\t\t\t\t\t\t\t\t\t<\/div>\n\t\t\t\t<\/div>\n\t\t\t\t<\/div>\n\t\t\t\t\t<\/div>\n\t\t\t\t<\/div>\n\t\t\t\t\t<\/div>\n\t\t\t\t<\/div>\n\t\t<div class=\"elementor-element elementor-element-ff85bb8 e-flex e-con-boxed e-con e-parent\" data-id=\"ff85bb8\" data-element_type=\"container\">\n\t\t\t\t\t<div class=\"e-con-inner\">\n\t\t<div class=\"elementor-element elementor-element-e1b6f96 e-con-full e-flex e-con e-child\" data-id=\"e1b6f96\" data-element_type=\"container\">\n\t\t\t\t<div class=\"elementor-element elementor-element-67ba5e1 elementor-widget__width-inherit elementor-widget elementor-widget-text-editor\" data-id=\"67ba5e1\" data-element_type=\"widget\" data-widget_type=\"text-editor.default\">\n\t\t\t\t<div class=\"elementor-widget-container\">\n\t\t\t\t\t\t\t<p>Dipl\u00f4m\u00e9 de l\u2019AFNH (Association Francophone de Nouvelle Hypnose) j\u2019ai suivi 3 ann\u00e9es de formation aux techniques avanc\u00e9es en hypnose et psychoth\u00e9rapies Ericksonienne ainsi qu\u2019\u00e0 la nouvelle hypnose. Je suis \u00e9galement certifi\u00e9 par la FFHTB (F\u00e9d\u00e9ration Fran\u00e7aise d\u2019Hypnose et de Th\u00e9rapies Br\u00e8ves) et par la NGH (National Guild of Hypnotists) qui est la plus grande association professionnelle des hypnoth\u00e9rapeutes dans le monde. Je me suis \u00e9galement form\u00e9 \u00e0 l\u2019Hypnose Conversationnelle Strat\u00e9gique au sein de l\u2019IMHEB (membre de The Milton H. Erickson Foundation).<\/p>\n<p>Di\u00e9t\u00e9ticien-Nutritionniste de formation, j\u2019ai \u00e9tudi\u00e9 la Psychopatologie clinique et la Psychoth\u00e9rapie \u00e0 l\u2019Universit\u00e9 PARIS 8 ainsi qu\u2019au sein de l\u2019EEPSSA. J\u2019ai \u00e9galement suivi un cursus de certification en Tabacologie (aide \u00e0 l\u2019arr\u00eat du tabac) au sein de l\u2019Universit\u00e9 de Paris. Je suis form\u00e9 \u00e0 la M\u00e9decine de l&rsquo;ob\u00e9sit\u00e9 et des complications m\u00e9taboliques aupr\u00e8s de l&rsquo;Universit\u00e9 de m\u00e9decine de Nancy pour aider mes patients dans la prise en charge de l&rsquo;ob\u00e9sit\u00e9.<\/p>\n<p>Je suis membre de la F\u00e9d-Eur-3Psy (F\u00e9d\u00e9ration Europ\u00e9enne des Psychoth\u00e9rapeutes, Psychanalystes et Psycho-somatoth\u00e9rapeutes) et je re\u00e7ois depuis plus de 10 ans sur rendez-vous \u00e0 mon cabinet les adultes uniquement.<\/p>\n<p>Je suis fondateur de la startup J\u2019aime mon intestin qui propose un programme d\u2019accompagnement pour les personnes qui souffrent du syndrome de l\u2019intestin irritable.<\/p>\n<p>De part ma pratique je suis \u00e9galement enseignant et formateur en Hypnose et Communication Ericksonienne et superviseur pour les praticiens en Hypnose.<\/p>\t\t\t\t\t\t<\/div>\n\t\t\t\t<\/div>\n\t\t\t\t<\/div>\n\t\t\t\t\t<\/div>\n\t\t\t\t<\/div>\n\t\t<div class=\"elementor-element elementor-element-8eebbca e-flex e-con-boxed e-con e-parent\" data-id=\"8eebbca\" data-element_type=\"container\">\n\t\t\t\t\t<div class=\"e-con-inner\">\n\t\t<div class=\"elementor-element elementor-element-d73fc5f e-con-full e-flex e-con e-child\" data-id=\"d73fc5f\" data-element_type=\"container\">\n\t\t\t\t<div class=\"elementor-element elementor-element-65519f2 elementor-widget elementor-widget-heading\" data-id=\"65519f2\" data-element_type=\"widget\" data-widget_type=\"heading.default\">\n\t\t\t\t<div class=\"elementor-widget-container\">\n\t\t\t<h2 class=\"elementor-heading-title elementor-size-default\">Exp\u00e9rience de vie<\/h2>\t\t<\/div>\n\t\t\t\t<\/div>\n\t\t\t\t<div class=\"elementor-element elementor-element-8b0cc2a elementor-widget__width-inherit elementor-widget elementor-widget-text-editor\" data-id=\"8b0cc2a\" data-element_type=\"widget\" data-widget_type=\"text-editor.default\">\n\t\t\t\t<div class=\"elementor-widget-container\">\n\t\t\t\t\t\t\t<p>Alors que j\u2019\u00e9tais en activit\u00e9 depuis quelques ann\u00e9es d\u00e9j\u00e0, c\u2019est en 2014 qu\u2019on m\u2019a diagnostiqu\u00e9 un cancer agressif qui a n\u00e9cessit\u00e9 de nombreuses hospitalisations et cures de chimioth\u00e9rapie. L\u2019utilisation r\u00e9guli\u00e8re de l\u2019auto-hypnose en compl\u00e9ment des traitements m\u00e9dicaux m\u2019a permis en l\u2019espace d\u2019une ann\u00e9e de reprendre mon activit\u00e9 \u00e0 mon cabinet \u00e0 plein temps. Je suis aujourd\u2019hui en r\u00e9mission compl\u00e8te.<\/p><p>Boulevers\u00e9 par les \u00e9v\u00e8nements tragiques de ces derni\u00e8res ann\u00e9es, J\u2019ai men\u00e9 de nombreuses actions d\u2019aide aux victimes lors des attentats ainsi que de soutien aux personnels soignants hospitaliers lors de la COVID.<\/p><p>Passionn\u00e9 de musique : je pratique plusieurs instruments de musique. Je pratique le VTT, la randonn\u00e9e et le badminton comme hobby.<br \/>Je suis \u00e9galement actif au niveau de la vie associative Messine notamment dans le domaine de l\u2019\u00e9ducation populaire. <br \/>Je suis mari\u00e9 et p\u00e8re d\u2019un petit gar\u00e7on : Pierre.<\/p>\t\t\t\t\t\t<\/div>\n\t\t\t\t<\/div>\n\t\t\t\t<div class=\"elementor-element elementor-element-f59e437 elementor-tablet-align-center elementor-mobile-align-center elementor-widget elementor-widget-button\" data-id=\"f59e437\" data-element_type=\"widget\" data-widget_type=\"button.default\">\n\t\t\t\t<div class=\"elementor-widget-container\">\n\t\t\t\t\t<div class=\"elementor-button-wrapper\">\n\t\t\t<a class=\"elementor-button elementor-button-link elementor-size-sm\" href=\"#\">\n\t\t\t\t\t\t<span class=\"elementor-button-content-wrapper\">\n\t\t\t\t\t\t<span class=\"elementor-button-icon\">\n\t\t\t\t<svg xmlns=\"http:\/\/www.w3.org\/2000\/svg\" viewBox=\"0 0 24 24\"><path fill-rule=\"evenodd\" d=\"M24 0v22.78h-2.87V4.9L2.03 24 0 21.97l19.1-19.1H1.26V0H24Z\"><\/path><\/svg>\t\t\t<\/span>\n\t\t\t\t\t\t\t\t\t<span class=\"elementor-button-text\">Rendez-vous<\/span>\n\t\t\t\t\t<\/span>\n\t\t\t\t\t<\/a>\n\t\t<\/div>\n\t\t\t\t<\/div>\n\t\t\t\t<\/div>\n\t\t\t\t<\/div>\n\t\t\t\t\t<\/div>\n\t\t\t\t<\/div>\n\t\t\t\t<\/div>\n\t\t","protected":false},"excerpt":{"rendered":"<p>S\u00e9bastien Mertes Pr\u00e9sentation de S\u00e9bastien Mertes, votre Hypnoth\u00e9rapeute \u00e0 Metz Rendez-vous Dipl\u00f4m\u00e9 de l\u2019AFNH (Association Francophone de Nouvelle Hypnose) j\u2019ai suivi 3 ann\u00e9es de formation aux techniques avanc\u00e9es en hypnose et psychoth\u00e9rapies Ericksonienne ainsi qu\u2019\u00e0 la nouvelle hypnose. Je suis \u00e9galement certifi\u00e9 par la FFHTB (F\u00e9d\u00e9ration Fran\u00e7aise d\u2019Hypnose et de Th\u00e9rapies Br\u00e8ves) et par la [&hellip;]<\/p>\n","protected":false},"author":1,"featured_media":0,"parent":0,"menu_order":0,"comment_status":"closed","ping_status":"closed","template":"","meta":{"footnotes":""},"class_list":["post-1034","page","type-page","status-publish","hentry"],"blocksy_meta":{"has_hero_section":"disabled","vertical_spacing_source":"custom","content_area_spacing":"none","styles_descriptor":{"styles":{"desktop":"","tablet":"","mobile":""},"google_fonts":[],"version":6}},"_links":{"self":[{"href":"https:\/\/focused-curran.51-75-127-101.plesk.page\/index.php\/wp-json\/wp\/v2\/pages\/1034","targetHints":{"allow":["GET"]}}],"collection":[{"href":"https:\/\/focused-curran.51-75-127-101.plesk.page\/index.php\/wp-json\/wp\/v2\/pages"}],"about":[{"href":"https:\/\/focused-curran.51-75-127-101.plesk.page\/index.php\/wp-json\/wp\/v2\/types\/page"}],"author":[{"embeddable":true,"href":"https:\/\/focused-curran.51-75-127-101.plesk.page\/index.php\/wp-json\/wp\/v2\/users\/1"}],"replies":[{"embeddable":true,"href":"https:\/\/focused-curran.51-75-127-101.plesk.page\/index.php\/wp-json\/wp\/v2\/comments?post=1034"}],"version-history":[{"count":55,"href":"https:\/\/focused-curran.51-75-127-101.plesk.page\/index.php\/wp-json\/wp\/v2\/pages\/1034\/revisions"}],"predecessor-version":[{"id":2165,"href":"https:\/\/focused-curran.51-75-127-101.plesk.page\/index.php\/wp-json\/wp\/v2\/pages\/1034\/revisions\/2165"}],"wp:attachment":[{"href":"https:\/\/focused-curran.51-75-127-101.plesk.page\/index.php\/wp-json\/wp\/v2\/media?parent=1034"}],"curies":[{"name":"wp","href":"https:\/\/api.w.org\/{rel}","templated":true}]}}