{"id":1038,"date":"2024-02-10T13:43:18","date_gmt":"2024-02-10T13:43:18","guid":{"rendered":"https:\/\/startersites.io\/elementor\/smile-dent\/?page_id=1038"},"modified":"2024-07-27T14:09:27","modified_gmt":"2024-07-27T14:09:27","slug":"contact","status":"publish","type":"page","link":"https:\/\/focused-curran.51-75-127-101.plesk.page\/index.php\/contact\/","title":{"rendered":"Contact"},"content":{"rendered":"\t\t<div data-elementor-type=\"wp-page\" data-elementor-id=\"1038\" class=\"elementor elementor-1038\">\n\t\t\t\t<div class=\"elementor-element elementor-element-5db5617 e-flex e-con-boxed e-con e-parent\" data-id=\"5db5617\" data-element_type=\"container\">\n\t\t\t\t\t<div class=\"e-con-inner\">\n\t\t<div class=\"elementor-element elementor-element-2392d8b e-con-full e-flex e-con e-child\" data-id=\"2392d8b\" data-element_type=\"container\">\n\t\t\t\t<div class=\"elementor-element elementor-element-f11461a elementor-widget elementor-widget-google_maps\" data-id=\"f11461a\" data-element_type=\"widget\" data-widget_type=\"google_maps.default\">\n\t\t\t\t<div class=\"elementor-widget-container\">\n\t\t\t<style>\/*! elementor - v3.23.0 - 25-07-2024 *\/\n.elementor-widget-google_maps .elementor-widget-container{overflow:hidden}.elementor-widget-google_maps .elementor-custom-embed{line-height:0}.elementor-widget-google_maps iframe{height:300px}<\/style>\t\t<div class=\"elementor-custom-embed\">\n\t\t\t<iframe loading=\"lazy\"\n\t\t\t\t\tsrc=\"https:\/\/maps.google.com\/maps?q=sebastien%20mertes%20woippy&#038;t=m&#038;z=16&#038;output=embed&#038;iwloc=near\"\n\t\t\t\t\ttitle=\"sebastien mertes woippy\"\n\t\t\t\t\taria-label=\"sebastien mertes woippy\"\n\t\t\t><\/iframe>\n\t\t<\/div>\n\t\t\t\t<\/div>\n\t\t\t\t<\/div>\n\t\t\t\t<\/div>\n\t\t<div class=\"elementor-element elementor-element-c1009d3 e-flex e-con-boxed e-con e-child\" data-id=\"c1009d3\" data-element_type=\"container\" data-settings=\"{&quot;background_background&quot;:&quot;classic&quot;}\">\n\t\t\t\t\t<div class=\"e-con-inner\">\n\t\t<div class=\"elementor-element elementor-element-823523f e-flex e-con-boxed e-con e-child\" data-id=\"823523f\" data-element_type=\"container\">\n\t\t\t\t\t<div class=\"e-con-inner\">\n\t\t<div class=\"elementor-element elementor-element-d744995 e-con-full e-flex e-con e-child\" data-id=\"d744995\" data-element_type=\"container\" data-settings=\"{&quot;background_background&quot;:&quot;classic&quot;}\">\n\t\t\t\t<div class=\"elementor-element elementor-element-1cec71b elementor-widget elementor-widget-heading\" data-id=\"1cec71b\" data-element_type=\"widget\" data-widget_type=\"heading.default\">\n\t\t\t\t<div class=\"elementor-widget-container\">\n\t\t\t<style>\/*! elementor - v3.23.0 - 25-07-2024 *\/\n.elementor-heading-title{padding:0;margin:0;line-height:1}.elementor-widget-heading .elementor-heading-title[class*=elementor-size-]>a{color:inherit;font-size:inherit;line-height:inherit}.elementor-widget-heading .elementor-heading-title.elementor-size-small{font-size:15px}.elementor-widget-heading .elementor-heading-title.elementor-size-medium{font-size:19px}.elementor-widget-heading .elementor-heading-title.elementor-size-large{font-size:29px}.elementor-widget-heading .elementor-heading-title.elementor-size-xl{font-size:39px}.elementor-widget-heading .elementor-heading-title.elementor-size-xxl{font-size:59px}<\/style><h2 class=\"elementor-heading-title elementor-size-default\">Acc\u00e8s des personnes \u00e0 mobilit\u00e9 r\u00e9duite<\/h2>\t\t<\/div>\n\t\t\t\t<\/div>\n\t\t\t\t<div class=\"elementor-element elementor-element-703eea2 elementor-widget elementor-widget-text-editor\" data-id=\"703eea2\" data-element_type=\"widget\" data-widget_type=\"text-editor.default\">\n\t\t\t\t<div class=\"elementor-widget-container\">\n\t\t\t<style>\/*! elementor - v3.23.0 - 25-07-2024 *\/\n.elementor-widget-text-editor.elementor-drop-cap-view-stacked .elementor-drop-cap{background-color:#69727d;color:#fff}.elementor-widget-text-editor.elementor-drop-cap-view-framed .elementor-drop-cap{color:#69727d;border:3px solid;background-color:transparent}.elementor-widget-text-editor:not(.elementor-drop-cap-view-default) .elementor-drop-cap{margin-top:8px}.elementor-widget-text-editor:not(.elementor-drop-cap-view-default) .elementor-drop-cap-letter{width:1em;height:1em}.elementor-widget-text-editor .elementor-drop-cap{float:left;text-align:center;line-height:1;font-size:50px}.elementor-widget-text-editor .elementor-drop-cap-letter{display:inline-block}<\/style>\t\t\t\t<p>Nous sommes au regret de vous informer que le cabinet n&rsquo;est malheureusement pas accessible aux personnes \u00e0 mobilit\u00e9 r\u00e9duites en fauteuil car il se situe en \u00e9tage sur\u00e9lev\u00e9.<\/p>\t\t\t\t\t\t<\/div>\n\t\t\t\t<\/div>\n\t\t\t\t<\/div>\n\t\t<div class=\"elementor-element elementor-element-da22e72 e-flex e-con-boxed e-con e-child\" data-id=\"da22e72\" data-element_type=\"container\" data-settings=\"{&quot;background_background&quot;:&quot;classic&quot;}\">\n\t\t\t\t\t<div class=\"e-con-inner\">\n\t\t\t\t<div class=\"elementor-element elementor-element-2ba41ba elementor-widget elementor-widget-heading\" data-id=\"2ba41ba\" data-element_type=\"widget\" data-widget_type=\"heading.default\">\n\t\t\t\t<div class=\"elementor-widget-container\">\n\t\t\t<h2 class=\"elementor-heading-title elementor-size-default\">Acc\u00e8s en voiture<\/h2>\t\t<\/div>\n\t\t\t\t<\/div>\n\t\t\t\t<div class=\"elementor-element elementor-element-d52e1d9 elementor-widget elementor-widget-text-editor\" data-id=\"d52e1d9\" data-element_type=\"widget\" data-widget_type=\"text-editor.default\">\n\t\t\t\t<div class=\"elementor-widget-container\">\n\t\t\t\t\t\t\t<p>Parking <strong>GRATUIT<\/strong><\/p><p>Par l\u2019autoroute, prendre la <strong>sortie 33 Metz-Nord<\/strong><\/p><p>Centre-ville de Metz : 5 mn<br \/>Montigny-les-Metz : 10 mn<br \/>Pont-a-Mousson : 25 mn<br \/>Thionville : 20 mn<br \/>Luxembourg : 50 mn<\/p>\t\t\t\t\t\t<\/div>\n\t\t\t\t<\/div>\n\t\t\t\t\t<\/div>\n\t\t\t\t<\/div>\n\t\t<div class=\"elementor-element elementor-element-416a8c1 e-flex e-con-boxed e-con e-child\" data-id=\"416a8c1\" data-element_type=\"container\" data-settings=\"{&quot;background_background&quot;:&quot;classic&quot;}\">\n\t\t\t\t\t<div class=\"e-con-inner\">\n\t\t\t\t<div class=\"elementor-element elementor-element-10af9e2 elementor-widget elementor-widget-heading\" data-id=\"10af9e2\" data-element_type=\"widget\" data-widget_type=\"heading.default\">\n\t\t\t\t<div class=\"elementor-widget-container\">\n\t\t\t<h2 class=\"elementor-heading-title elementor-size-default\">Acc\u00e8s en bus<\/h2>\t\t<\/div>\n\t\t\t\t<\/div>\n\t\t\t\t<div class=\"elementor-element elementor-element-9fa10fb elementor-widget elementor-widget-text-editor\" data-id=\"9fa10fb\" data-element_type=\"widget\" data-widget_type=\"text-editor.default\">\n\t\t\t\t<div class=\"elementor-widget-container\">\n\t\t\t\t\t\t\t<p>Prendre Le Met\u2019 \u201c<strong>L3<\/strong>\u201d ou \u201c<strong>L3c<\/strong>\u201d et descendez \u00e0 l\u2019arr\u00eat \u201c<strong>Coupillon<\/strong>\u201d puis continuer sur la droite rue St Etienne, le cabinet de consultation est \u00e0 100m.<\/p>\t\t\t\t\t\t<\/div>\n\t\t\t\t<\/div>\n\t\t\t\t\t<\/div>\n\t\t\t\t<\/div>\n\t\t\t\t\t<\/div>\n\t\t\t\t<\/div>\n\t\t\t\t\t<\/div>\n\t\t\t\t<\/div>\n\t\t\t\t\t<\/div>\n\t\t\t\t<\/div>\n\t\t<div class=\"elementor-element elementor-element-9bb2daa e-flex e-con-boxed e-con e-parent\" data-id=\"9bb2daa\" data-element_type=\"container\">\n\t\t\t\t\t<div class=\"e-con-inner\">\n\t\t\t\t<div class=\"elementor-element elementor-element-d450514 elementor-widget elementor-widget-heading\" data-id=\"d450514\" data-element_type=\"widget\" data-widget_type=\"heading.default\">\n\t\t\t\t<div class=\"elementor-widget-container\">\n\t\t\t<h2 class=\"elementor-heading-title elementor-size-default\">Contacter votre hypnoth\u00e9rapeute<\/h2>\t\t<\/div>\n\t\t\t\t<\/div>\n\t\t\t\t<div class=\"elementor-element elementor-element-02b40d0 elementor-widget elementor-widget-text-editor\" data-id=\"02b40d0\" data-element_type=\"widget\" data-widget_type=\"text-editor.default\">\n\t\t\t\t<div class=\"elementor-widget-container\">\n\t\t\t\t\t\t\t<p>Consultation au cabinet sur rendez-vous uniquement :<\/p><p>S\u00e9bastien Mertes<\/p><p>27 rue St Etienne<\/p><p>57140 WOIPPY (Village)<\/p><p>T\u00e9l\u00e9phone : 06 95 07 72 87<\/p>\t\t\t\t\t\t<\/div>\n\t\t\t\t<\/div>\n\t\t\t\t\t<\/div>\n\t\t\t\t<\/div>\n\t\t\t\t<\/div>\n\t\t","protected":false},"excerpt":{"rendered":"<p>Acc\u00e8s des personnes \u00e0 mobilit\u00e9 r\u00e9duite Nous sommes au regret de vous informer que le cabinet n&rsquo;est malheureusement pas accessible aux personnes \u00e0 mobilit\u00e9 r\u00e9duites en fauteuil car il se situe en \u00e9tage sur\u00e9lev\u00e9. Acc\u00e8s en voiture Parking GRATUIT Par l\u2019autoroute, prendre la sortie 33 Metz-Nord Centre-ville de Metz : 5 mnMontigny-les-Metz : 10 mnPont-a-Mousson [&hellip;]<\/p>\n","protected":false},"author":1,"featured_media":0,"parent":0,"menu_order":0,"comment_status":"closed","ping_status":"closed","template":"","meta":{"footnotes":""},"class_list":["post-1038","page","type-page","status-publish","hentry"],"blocksy_meta":{"has_hero_section":"disabled","vertical_spacing_source":"custom","content_area_spacing":"none","styles_descriptor":{"styles":{"desktop":"","tablet":"","mobile":""},"google_fonts":[],"version":6}},"_links":{"self":[{"href":"https:\/\/focused-curran.51-75-127-101.plesk.page\/index.php\/wp-json\/wp\/v2\/pages\/1038","targetHints":{"allow":["GET"]}}],"collection":[{"href":"https:\/\/focused-curran.51-75-127-101.plesk.page\/index.php\/wp-json\/wp\/v2\/pages"}],"about":[{"href":"https:\/\/focused-curran.51-75-127-101.plesk.page\/index.php\/wp-json\/wp\/v2\/types\/page"}],"author":[{"embeddable":true,"href":"https:\/\/focused-curran.51-75-127-101.plesk.page\/index.php\/wp-json\/wp\/v2\/users\/1"}],"replies":[{"embeddable":true,"href":"https:\/\/focused-curran.51-75-127-101.plesk.page\/index.php\/wp-json\/wp\/v2\/comments?post=1038"}],"version-history":[{"count":33,"href":"https:\/\/focused-curran.51-75-127-101.plesk.page\/index.php\/wp-json\/wp\/v2\/pages\/1038\/revisions"}],"predecessor-version":[{"id":2246,"href":"https:\/\/focused-curran.51-75-127-101.plesk.page\/index.php\/wp-json\/wp\/v2\/pages\/1038\/revisions\/2246"}],"wp:attachment":[{"href":"https:\/\/focused-curran.51-75-127-101.plesk.page\/index.php\/wp-json\/wp\/v2\/media?parent=1038"}],"curies":[{"name":"wp","href":"https:\/\/api.w.org\/{rel}","templated":true}]}}